{"id":69,"date":"2017-04-17T09:54:18","date_gmt":"2017-04-17T09:54:18","guid":{"rendered":"http:\/\/relaunch.hotel-goelz.de\/?page_id=69"},"modified":"2019-12-27T12:22:09","modified_gmt":"2019-12-27T12:22:09","slug":"willkommen","status":"publish","type":"page","link":"https:\/\/www.hotel-goelz.de\/?page_id=69&lang=de","title":{"rendered":"Start"},"content":{"rendered":"<p><strong>Willkommen im Hotel G\u00f6lz<\/strong><\/p>\n<p>Im ruhigen Frankfurter Westend, mit seinen vielen gepflegten und herrlich gr\u00fcnen Vorg\u00e4rten, befindet sich unser Haus aus der Gr\u00fcnderzeit.<\/p>\n<p>Hier finden Sie ein kleines,\u00a0sympathisches Hotel garni mit besonderer Ausstrahlung.<\/p>\n<p>Gratis Parkpl\u00e4tze und WLAN inklusive!<\/p>\n<p><img loading=\"lazy\" decoding=\"async\" class=\"alignnone size-full wp-image-183\" src=\"https:\/\/www.hotel-goelz.de\/wp-content\/uploads\/2017\/04\/Hotel.png\" alt=\"\" width=\"402\" height=\"450\" srcset=\"https:\/\/www.hotel-goelz.de\/wp-content\/uploads\/2017\/04\/Hotel.png 402w, https:\/\/www.hotel-goelz.de\/wp-content\/uploads\/2017\/04\/Hotel-268x300.png 268w\" sizes=\"auto, (max-width: 402px) 100vw, 402px\" \/><\/p>\n<p>&nbsp;<\/p>\n","protected":false},"excerpt":{"rendered":"<p>Willkommen im Hotel G\u00f6lz Im ruhigen Frankfurter Westend, mit seinen vielen gepflegten und herrlich gr\u00fcnen Vorg\u00e4rten, befindet sich unser Haus aus der Gr\u00fcnderzeit. Hier finden Sie ein kleines,\u00a0sympathisches Hotel garni mit besonderer Ausstrahlung. Gratis Parkpl\u00e4tze und WLAN inklusive! &nbsp;<\/p>\n","protected":false},"author":1,"featured_media":0,"parent":0,"menu_order":0,"comment_status":"closed","ping_status":"closed","template":"sidebar-page.php","meta":{"_monsterinsights_skip_tracking":false,"_monsterinsights_sitenote_active":false,"_monsterinsights_sitenote_note":"","_monsterinsights_sitenote_category":0,"footnotes":""},"class_list":["post-69","page","type-page","status-publish","hentry"],"yoast_head":"<!-- This site is optimized with the Yoast SEO plugin v27.0 - https:\/\/yoast.com\/product\/yoast-seo-wordpress\/ -->\n<title>Start - Hotel Goelz<\/title>\n<meta name=\"robots\" content=\"index, follow, max-snippet:-1, max-image-preview:large, max-video-preview:-1\" \/>\n<link rel=\"canonical\" href=\"https:\/\/www.hotel-goelz.de\/?page_id=69&lang=de\" \/>\n<meta property=\"og:locale\" content=\"de_DE\" \/>\n<meta property=\"og:type\" content=\"article\" \/>\n<meta property=\"og:title\" content=\"Start - Hotel Goelz\" \/>\n<meta property=\"og:description\" content=\"Willkommen im Hotel G\u00f6lz Im ruhigen Frankfurter Westend, mit seinen vielen gepflegten und herrlich gr\u00fcnen Vorg\u00e4rten, befindet sich unser Haus aus der Gr\u00fcnderzeit. Hier finden Sie ein kleines,\u00a0sympathisches Hotel garni mit besonderer Ausstrahlung. Gratis Parkpl\u00e4tze und WLAN inklusive! &nbsp;\" \/>\n<meta property=\"og:url\" content=\"https:\/\/www.hotel-goelz.de\/?page_id=69&amp;lang=de\" \/>\n<meta property=\"og:site_name\" content=\"Hotel Goelz\" \/>\n<meta property=\"article:modified_time\" content=\"2019-12-27T12:22:09+00:00\" \/>\n<meta property=\"og:image\" content=\"https:\/\/www.hotel-goelz.de\/wp-content\/uploads\/2017\/04\/Hotel.png\" \/>\n\t<meta property=\"og:image:width\" content=\"402\" \/>\n\t<meta property=\"og:image:height\" content=\"450\" \/>\n\t<meta property=\"og:image:type\" content=\"image\/png\" \/>\n<meta name=\"twitter:card\" content=\"summary_large_image\" \/>\n<meta name=\"twitter:label1\" content=\"Gesch\u00e4tzte Lesezeit\" \/>\n\t<meta name=\"twitter:data1\" content=\"1\u00a0Minute\" \/>\n<script type=\"application\/ld+json\" class=\"yoast-schema-graph\">{\"@context\":\"https:\/\/schema.org\",\"@graph\":[{\"@type\":\"WebPage\",\"@id\":\"https:\/\/www.hotel-goelz.de\/?page_id=69&lang=de\",\"url\":\"https:\/\/www.hotel-goelz.de\/?page_id=69&lang=de\",\"name\":\"Start - Hotel Goelz\",\"isPartOf\":{\"@id\":\"https:\/\/www.hotel-goelz.de\/#website\"},\"primaryImageOfPage\":{\"@id\":\"https:\/\/www.hotel-goelz.de\/?page_id=69&lang=de#primaryimage\"},\"image\":{\"@id\":\"https:\/\/www.hotel-goelz.de\/?page_id=69&lang=de#primaryimage\"},\"thumbnailUrl\":\"https:\/\/www.hotel-goelz.de\/wp-content\/uploads\/2017\/04\/Hotel.png\",\"datePublished\":\"2017-04-17T09:54:18+00:00\",\"dateModified\":\"2019-12-27T12:22:09+00:00\",\"breadcrumb\":{\"@id\":\"https:\/\/www.hotel-goelz.de\/?page_id=69&lang=de#breadcrumb\"},\"inLanguage\":\"de\",\"potentialAction\":[{\"@type\":\"ReadAction\",\"target\":[\"https:\/\/www.hotel-goelz.de\/?page_id=69&lang=de\"]}]},{\"@type\":\"ImageObject\",\"inLanguage\":\"de\",\"@id\":\"https:\/\/www.hotel-goelz.de\/?page_id=69&lang=de#primaryimage\",\"url\":\"https:\/\/www.hotel-goelz.de\/wp-content\/uploads\/2017\/04\/Hotel.png\",\"contentUrl\":\"https:\/\/www.hotel-goelz.de\/wp-content\/uploads\/2017\/04\/Hotel.png\",\"width\":402,\"height\":450},{\"@type\":\"BreadcrumbList\",\"@id\":\"https:\/\/www.hotel-goelz.de\/?page_id=69&lang=de#breadcrumb\",\"itemListElement\":[{\"@type\":\"ListItem\",\"position\":1,\"name\":\"Home\",\"item\":\"https:\/\/www.hotel-goelz.de\/?page_id=69&lang=de\"},{\"@type\":\"ListItem\",\"position\":2,\"name\":\"Start\"}]},{\"@type\":\"WebSite\",\"@id\":\"https:\/\/www.hotel-goelz.de\/#website\",\"url\":\"https:\/\/www.hotel-goelz.de\/\",\"name\":\"Hotel Goelz\",\"description\":\"\",\"potentialAction\":[{\"@type\":\"SearchAction\",\"target\":{\"@type\":\"EntryPoint\",\"urlTemplate\":\"https:\/\/www.hotel-goelz.de\/?s={search_term_string}\"},\"query-input\":{\"@type\":\"PropertyValueSpecification\",\"valueRequired\":true,\"valueName\":\"search_term_string\"}}],\"inLanguage\":\"de\"}]}<\/script>\n<!-- \/ Yoast SEO plugin. -->","yoast_head_json":{"title":"Start - Hotel Goelz","robots":{"index":"index","follow":"follow","max-snippet":"max-snippet:-1","max-image-preview":"max-image-preview:large","max-video-preview":"max-video-preview:-1"},"canonical":"https:\/\/www.hotel-goelz.de\/?page_id=69&lang=de","og_locale":"de_DE","og_type":"article","og_title":"Start - Hotel Goelz","og_description":"Willkommen im Hotel G\u00f6lz Im ruhigen Frankfurter Westend, mit seinen vielen gepflegten und herrlich gr\u00fcnen Vorg\u00e4rten, befindet sich unser Haus aus der Gr\u00fcnderzeit. Hier finden Sie ein kleines,\u00a0sympathisches Hotel garni mit besonderer Ausstrahlung. Gratis Parkpl\u00e4tze und WLAN inklusive! &nbsp;","og_url":"https:\/\/www.hotel-goelz.de\/?page_id=69&lang=de","og_site_name":"Hotel Goelz","article_modified_time":"2019-12-27T12:22:09+00:00","og_image":[{"width":402,"height":450,"url":"https:\/\/www.hotel-goelz.de\/wp-content\/uploads\/2017\/04\/Hotel.png","type":"image\/png"}],"twitter_card":"summary_large_image","twitter_misc":{"Gesch\u00e4tzte Lesezeit":"1\u00a0Minute"},"schema":{"@context":"https:\/\/schema.org","@graph":[{"@type":"WebPage","@id":"https:\/\/www.hotel-goelz.de\/?page_id=69&lang=de","url":"https:\/\/www.hotel-goelz.de\/?page_id=69&lang=de","name":"Start - Hotel Goelz","isPartOf":{"@id":"https:\/\/www.hotel-goelz.de\/#website"},"primaryImageOfPage":{"@id":"https:\/\/www.hotel-goelz.de\/?page_id=69&lang=de#primaryimage"},"image":{"@id":"https:\/\/www.hotel-goelz.de\/?page_id=69&lang=de#primaryimage"},"thumbnailUrl":"https:\/\/www.hotel-goelz.de\/wp-content\/uploads\/2017\/04\/Hotel.png","datePublished":"2017-04-17T09:54:18+00:00","dateModified":"2019-12-27T12:22:09+00:00","breadcrumb":{"@id":"https:\/\/www.hotel-goelz.de\/?page_id=69&lang=de#breadcrumb"},"inLanguage":"de","potentialAction":[{"@type":"ReadAction","target":["https:\/\/www.hotel-goelz.de\/?page_id=69&lang=de"]}]},{"@type":"ImageObject","inLanguage":"de","@id":"https:\/\/www.hotel-goelz.de\/?page_id=69&lang=de#primaryimage","url":"https:\/\/www.hotel-goelz.de\/wp-content\/uploads\/2017\/04\/Hotel.png","contentUrl":"https:\/\/www.hotel-goelz.de\/wp-content\/uploads\/2017\/04\/Hotel.png","width":402,"height":450},{"@type":"BreadcrumbList","@id":"https:\/\/www.hotel-goelz.de\/?page_id=69&lang=de#breadcrumb","itemListElement":[{"@type":"ListItem","position":1,"name":"Home","item":"https:\/\/www.hotel-goelz.de\/?page_id=69&lang=de"},{"@type":"ListItem","position":2,"name":"Start"}]},{"@type":"WebSite","@id":"https:\/\/www.hotel-goelz.de\/#website","url":"https:\/\/www.hotel-goelz.de\/","name":"Hotel Goelz","description":"","potentialAction":[{"@type":"SearchAction","target":{"@type":"EntryPoint","urlTemplate":"https:\/\/www.hotel-goelz.de\/?s={search_term_string}"},"query-input":{"@type":"PropertyValueSpecification","valueRequired":true,"valueName":"search_term_string"}}],"inLanguage":"de"}]}},"_links":{"self":[{"href":"https:\/\/www.hotel-goelz.de\/index.php?rest_route=\/wp\/v2\/pages\/69","targetHints":{"allow":["GET"]}}],"collection":[{"href":"https:\/\/www.hotel-goelz.de\/index.php?rest_route=\/wp\/v2\/pages"}],"about":[{"href":"https:\/\/www.hotel-goelz.de\/index.php?rest_route=\/wp\/v2\/types\/page"}],"author":[{"embeddable":true,"href":"https:\/\/www.hotel-goelz.de\/index.php?rest_route=\/wp\/v2\/users\/1"}],"replies":[{"embeddable":true,"href":"https:\/\/www.hotel-goelz.de\/index.php?rest_route=%2Fwp%2Fv2%2Fcomments&post=69"}],"version-history":[{"count":13,"href":"https:\/\/www.hotel-goelz.de\/index.php?rest_route=\/wp\/v2\/pages\/69\/revisions"}],"predecessor-version":[{"id":461,"href":"https:\/\/www.hotel-goelz.de\/index.php?rest_route=\/wp\/v2\/pages\/69\/revisions\/461"}],"wp:attachment":[{"href":"https:\/\/www.hotel-goelz.de\/index.php?rest_route=%2Fwp%2Fv2%2Fmedia&parent=69"}],"curies":[{"name":"wp","href":"https:\/\/api.w.org\/{rel}","templated":true}]}}